{"id":8577,"date":"2023-08-01T09:14:29","date_gmt":"2023-08-01T09:14:29","guid":{"rendered":"https:\/\/themedox.com\/gerow\/?page_id=81"},"modified":"2025-09-24T07:43:21","modified_gmt":"2025-09-24T07:43:21","slug":"values","status":"publish","type":"page","link":"https:\/\/aaf-al.com\/sq\/values\/","title":{"rendered":"Vlerat"},"content":{"rendered":"<div data-elementor-type=\"wp-page\" data-elementor-id=\"8577\" class=\"elementor elementor-8577\">\n\t\t\t\t\t\t<section class=\"elementor-section elementor-top-section elementor-element elementor-element-a82f8ec elementor-section-content-middle elementor-section-boxed elementor-section-height-default elementor-section-height-default\" data-id=\"a82f8ec\" data-element_type=\"section\" data-e-type=\"section\">\n\t\t\t\t\t\t<div class=\"elementor-container elementor-column-gap-no\">\n\t\t\t\t\t<div class=\"elementor-column elementor-col-50 elementor-top-column elementor-element elementor-element-1510503\" data-id=\"1510503\" data-element_type=\"column\" data-e-type=\"column\">\n\t\t\t<div class=\"elementor-widget-wrap elementor-element-populated\">\n\t\t\t\t\t\t<div class=\"elementor-element elementor-element-4d4ae22 elementor-widget elementor-widget-image\" data-id=\"4d4ae22\" data-element_type=\"widget\" data-e-type=\"widget\" data-widget_type=\"image.default\">\n\t\t\t\t<div class=\"elementor-widget-container\">\n\t\t\t\t\t\t\t\t\t\t\t\t\t\t\t<img fetchpriority=\"high\" decoding=\"async\" width=\"855\" height=\"480\" src=\"https:\/\/aaf-al.com\/wp-content\/uploads\/2023\/08\/insu_services03.jpg\" class=\"attachment-full size-full wp-image-840\" alt=\"\" srcset=\"https:\/\/aaf-al.com\/wp-content\/uploads\/2023\/08\/insu_services03.jpg 855w, https:\/\/aaf-al.com\/wp-content\/uploads\/2023\/08\/insu_services03-650x365.jpg 650w, https:\/\/aaf-al.com\/wp-content\/uploads\/2023\/08\/insu_services03-300x168.jpg 300w, https:\/\/aaf-al.com\/wp-content\/uploads\/2023\/08\/insu_services03-768x431.jpg 768w\" sizes=\"(max-width: 855px) 100vw, 855px\" \/>\t\t\t\t\t\t\t\t\t\t\t\t\t\t\t<\/div>\n\t\t\t\t<\/div>\n\t\t\t\t\t<\/div>\n\t\t<\/div>\n\t\t\t\t<div class=\"elementor-column elementor-col-50 elementor-top-column elementor-element elementor-element-c847fd6\" data-id=\"c847fd6\" data-element_type=\"column\" data-e-type=\"column\">\n\t\t\t<div class=\"elementor-widget-wrap elementor-element-populated\">\n\t\t\t\t\t\t<div class=\"elementor-element elementor-element-9367363 elementor-widget elementor-widget-heading\" data-id=\"9367363\" data-element_type=\"widget\" data-e-type=\"widget\" data-widget_type=\"heading.default\">\n\t\t\t\t<div class=\"elementor-widget-container\">\n\t\t\t\t\t<h2 class=\"elementor-heading-title elementor-size-default\">Vlerat tona<\/h2>\t\t\t\t<\/div>\n\t\t\t\t<\/div>\n\t\t\t\t<section class=\"elementor-section elementor-inner-section elementor-element elementor-element-d11b281 elementor-section-full_width elementor-section-content-middle elementor-section-height-default elementor-section-height-default\" data-id=\"d11b281\" data-element_type=\"section\" data-e-type=\"section\">\n\t\t\t\t\t\t<div class=\"elementor-container elementor-column-gap-no\">\n\t\t\t\t\t<div class=\"elementor-column elementor-col-100 elementor-inner-column elementor-element elementor-element-0578107\" data-id=\"0578107\" data-element_type=\"column\" data-e-type=\"column\">\n\t\t\t<div class=\"elementor-widget-wrap elementor-element-populated\">\n\t\t\t\t\t\t<div class=\"elementor-element elementor-element-e67a2ce w-100 elementor-widget elementor-widget-tg-iconbox\" data-id=\"e67a2ce\" data-element_type=\"widget\" data-e-type=\"widget\" data-widget_type=\"tg-iconbox.default\">\n\t\t\t\t<div class=\"elementor-widget-container\">\n\t\t\t\t\t\r\n                    <div class=\"services-details-list\">\r\n                <ul class=\"list-wrap\">\r\n                                            <li>\r\n                                                            <div class=\"icon\">\r\n                                     <i aria-hidden=\"true\" class=\"genix flaticon-handshake\"><\/i>                                <\/div>\r\n                            \r\n                            <div class=\"content\">\r\n                                <h5 class=\"title\">Cil\u00ebsi<\/h5>\r\n                                <p>Ne jemi t\u00eb p\u00ebrkushtuar t\u00eb ofrojm\u00eb vasketa alumini me cil\u00ebsi t\u00eb lart\u00eb, q\u00eb plot\u00ebsojn\u00eb\nstandardet m\u00eb t\u00eb rrepta p\u00ebr siguri dhe higjien\u00eb.<\/p>\r\n                            <\/div>\r\n                        <\/li>\r\n                                            <li>\r\n                                                            <div class=\"icon\">\r\n                                     <i aria-hidden=\"true\" class=\"genix flaticon-save-money\"><\/i>                                <\/div>\r\n                            \r\n                            <div class=\"content\">\r\n                                <h5 class=\"title\">Siguri<\/h5>\r\n                                <p>Siguria e ushqimit \u00ebsht\u00eb prioriteti yn\u00eb. \u00c7do produkt \u00ebsht\u00eb i certifikuar p\u00ebr kontakt me\nushqimin, duke garantuar mbrojtje maksimale p\u00ebr klient\u00ebt tan\u00eb.<\/p>\r\n                            <\/div>\r\n                        <\/li>\r\n                                            <li>\r\n                                                            <div class=\"icon\">\r\n                                     <i aria-hidden=\"true\" class=\"genix flaticon-settings\"><\/i>                                <\/div>\r\n                            \r\n                            <div class=\"content\">\r\n                                <h5 class=\"title\">Q\u00ebndrueshm\u00ebri<\/h5>\r\n                                <p>Alumini yn\u00eb \u00ebsht\u00eb 100% i ricikluesh\u00ebm. Punojm\u00eb p\u00ebr t\u00eb ulur ndikimin n\u00eb mjedis dhe p\u00ebr t\u00eb\npromovuar praktika ekologjike n\u00eb \u00e7do hap t\u00eb prodhimit.<\/p>\r\n                            <\/div>\r\n                        <\/li>\r\n                                            <li>\r\n                                                            <div class=\"icon\">\r\n                                     <i aria-hidden=\"true\" class=\"genix flaticon-data-management\"><\/i>                                <\/div>\r\n                            \r\n                            <div class=\"content\">\r\n                                <h5 class=\"title\">Integritet<\/h5>\r\n                                <p>Veprojm\u00eb me ndershm\u00ebri dhe transparenc\u00eb, duke nd\u00ebrtuar besim me klient\u00ebt, partner\u00ebt dhe\nkomunitetin ton\u00eb.<\/p>\r\n                            <\/div>\r\n                        <\/li>\r\n                                            <li>\r\n                                                            <div class=\"icon\">\r\n                                     <i aria-hidden=\"true\" class=\"genix flaticon-round-table\"><\/i>                                <\/div>\r\n                            \r\n                            <div class=\"content\">\r\n                                <h5 class=\"title\">Inovacion<\/h5>\r\n                                <p>Veprojm\u00eb me ndershm\u00ebri dhe transparenc\u00eb, duke nd\u00ebrtuar besim me klient\u00ebt, partner\u00ebt dhe\nkomunitetin ton\u00eb.<\/p>\r\n                            <\/div>\r\n                        <\/li>\r\n                                    <\/ul>\r\n            <\/div>\r\n\r\n        \r\n\t\t\t\t<\/div>\n\t\t\t\t<\/div>\n\t\t\t\t\t<\/div>\n\t\t<\/div>\n\t\t\t\t\t<\/div>\n\t\t<\/section>\n\t\t\t\t\t<\/div>\n\t\t<\/div>\n\t\t\t\t\t<\/div>\n\t\t<\/section>\n\t\t\t\t<\/div>","protected":false},"excerpt":{"rendered":"<p>Our Values Quality We are committed to delivering high-quality aluminum trays that meet the strictest standards of safety and hygiene. Safety Food safety is our top priority. Every product is food-grade certified, ensuring that our clients are always protected. Sustainability Our aluminum is 100% recyclable. We strive to reduce environmental impact and promote eco-friendly practices [&hellip;]<\/p>\n","protected":false},"author":1,"featured_media":0,"parent":0,"menu_order":0,"comment_status":"closed","ping_status":"closed","template":"elementor_header_footer","meta":{"_acf_changed":false,"footnotes":""},"class_list":["post-8577","page","type-page","status-publish","hentry"],"acf":[],"_links":{"self":[{"href":"https:\/\/aaf-al.com\/sq\/wp-json\/wp\/v2\/pages\/8577","targetHints":{"allow":["GET"]}}],"collection":[{"href":"https:\/\/aaf-al.com\/sq\/wp-json\/wp\/v2\/pages"}],"about":[{"href":"https:\/\/aaf-al.com\/sq\/wp-json\/wp\/v2\/types\/page"}],"author":[{"embeddable":true,"href":"https:\/\/aaf-al.com\/sq\/wp-json\/wp\/v2\/users\/1"}],"replies":[{"embeddable":true,"href":"https:\/\/aaf-al.com\/sq\/wp-json\/wp\/v2\/comments?post=8577"}],"version-history":[{"count":28,"href":"https:\/\/aaf-al.com\/sq\/wp-json\/wp\/v2\/pages\/8577\/revisions"}],"predecessor-version":[{"id":9810,"href":"https:\/\/aaf-al.com\/sq\/wp-json\/wp\/v2\/pages\/8577\/revisions\/9810"}],"wp:attachment":[{"href":"https:\/\/aaf-al.com\/sq\/wp-json\/wp\/v2\/media?parent=8577"}],"curies":[{"name":"wp","href":"https:\/\/api.w.org\/{rel}","templated":true}]}}