{"id":2363,"date":"2025-01-21T08:35:41","date_gmt":"2025-01-21T08:35:41","guid":{"rendered":"https:\/\/gerow-wp.themedox.com\/?page_id=2363"},"modified":"2025-09-24T07:43:48","modified_gmt":"2025-09-24T07:43:48","slug":"recycling","status":"publish","type":"page","link":"https:\/\/aaf-al.com\/sq\/recycling\/","title":{"rendered":"Riciklimi"},"content":{"rendered":"<div data-elementor-type=\"wp-page\" data-elementor-id=\"2363\" class=\"elementor elementor-2363\">\n\t\t\t\t\t\t<section class=\"elementor-section elementor-top-section elementor-element elementor-element-dad3721 elementor-section-boxed elementor-section-height-default elementor-section-height-default\" data-id=\"dad3721\" data-element_type=\"section\" data-e-type=\"section\" data-settings=\"{&quot;background_background&quot;:&quot;classic&quot;}\">\n\t\t\t\t\t\t<div class=\"elementor-container elementor-column-gap-no\">\n\t\t\t\t\t<div class=\"elementor-column elementor-col-50 elementor-top-column elementor-element elementor-element-8a772a0 mx-auto mx-lg-0\" data-id=\"8a772a0\" data-element_type=\"column\" data-e-type=\"column\">\n\t\t\t<div class=\"elementor-widget-wrap elementor-element-populated\">\n\t\t\t\t\t\t<div class=\"elementor-element elementor-element-20c9e65 elementor-widget elementor-widget-genix-image\" data-id=\"20c9e65\" data-element_type=\"widget\" data-e-type=\"widget\" data-widget_type=\"genix-image.default\">\n\t\t\t\t<div class=\"elementor-widget-container\">\n\t\t\t\t\t\r\n        \r\n            <div class=\"about-img-wrap-three\">\r\n                                    <img decoding=\"async\" src=\"https:\/\/aaf-al.com\/wp-content\/uploads\/2025\/08\/WhatsApp-Image-2025-08-22-at-13.37.36.jpeg\" alt=\"\" data-aos=\"fade-down-right\" data-aos-delay=\"0\">\r\n                \r\n                                    <img decoding=\"async\" src=\"https:\/\/aaf-al.com\/wp-content\/uploads\/2025\/09\/depositphotos_4575049-stock-illustration-recycling-eco-background.webp\" alt=\"\" data-aos=\"fade-left\" data-aos-delay=\"400\">\r\n                \r\n                                    <div class=\"experience-wrap\" data-aos=\"fade-up\" data-aos-delay=\"300\">\r\n                                                    <h2 class=\"title\"><h5 style=\"color:#ffffff\">REDUCE <br> REUSE <br> RECYCLE<h5><\/h2>\r\n                        \r\n                                            <\/div>\r\n                \r\n            <\/div>\r\n\r\n        \r\n\t\t\t\t<\/div>\n\t\t\t\t<\/div>\n\t\t\t\t<div class=\"elementor-element elementor-element-cb39f65 elementor-widget__width-auto elementor-absolute elementor-widget elementor-widget-image\" data-id=\"cb39f65\" data-element_type=\"widget\" data-e-type=\"widget\" data-settings=\"{&quot;_position&quot;:&quot;absolute&quot;}\" data-widget_type=\"image.default\">\n\t\t\t\t<div class=\"elementor-widget-container\">\n\t\t\t\t\t\t\t\t\t\t\t\t\t\t\t<img decoding=\"async\" width=\"156\" height=\"156\" src=\"https:\/\/aaf-al.com\/wp-content\/uploads\/2023\/08\/h2_about_shape02.png\" class=\"attachment-full size-full wp-image-191\" alt=\"\" srcset=\"https:\/\/aaf-al.com\/wp-content\/uploads\/2023\/08\/h2_about_shape02.png 156w, https:\/\/aaf-al.com\/wp-content\/uploads\/2023\/08\/h2_about_shape02-150x150.png 150w\" sizes=\"(max-width: 156px) 100vw, 156px\" \/>\t\t\t\t\t\t\t\t\t\t\t\t\t\t\t<\/div>\n\t\t\t\t<\/div>\n\t\t\t\t<div class=\"elementor-element elementor-element-fca9ed3 elementor-widget__width-auto elementor-absolute elementor-hidden-mobile elementor-widget elementor-widget-image\" data-id=\"fca9ed3\" data-element_type=\"widget\" data-e-type=\"widget\" data-settings=\"{&quot;_position&quot;:&quot;absolute&quot;}\" data-widget_type=\"image.default\">\n\t\t\t\t<div class=\"elementor-widget-container\">\n\t\t\t\t\t\t\t\t\t\t\t\t\t\t\t<img decoding=\"async\" width=\"108\" height=\"112\" src=\"https:\/\/aaf-al.com\/wp-content\/uploads\/2023\/08\/h2_about_shape01.png\" class=\"attachment-full size-full wp-image-190\" alt=\"\" \/>\t\t\t\t\t\t\t\t\t\t\t\t\t\t\t<\/div>\n\t\t\t\t<\/div>\n\t\t\t\t\t<\/div>\n\t\t<\/div>\n\t\t\t\t<div class=\"elementor-column elementor-col-50 elementor-top-column elementor-element elementor-element-07b6bf8\" data-id=\"07b6bf8\" data-element_type=\"column\" data-e-type=\"column\">\n\t\t\t<div class=\"elementor-widget-wrap elementor-element-populated\">\n\t\t\t\t\t\t<div class=\"elementor-element elementor-element-71edbbe elementor-widget elementor-widget-tg-heading\" data-id=\"71edbbe\" data-element_type=\"widget\" data-e-type=\"widget\" data-widget_type=\"tg-heading.default\">\n\t\t\t\t<div class=\"elementor-widget-container\">\n\t\t\t\t\t\r\n        \r\n            <div class=\"section-title-two tg-heading-subheading animation-style3\">\r\n                                <h2 class=\"title tg-element-title\">Riciklimi<\/h2>            <\/div>\r\n\r\n        \r\n\t\t\t\t<\/div>\n\t\t\t\t<\/div>\n\t\t\t\t<div class=\"elementor-element elementor-element-4963707 elementor-widget__width-initial elementor-widget elementor-widget-heading\" data-id=\"4963707\" data-element_type=\"widget\" data-e-type=\"widget\" data-widget_type=\"heading.default\">\n\t\t\t\t<div class=\"elementor-widget-container\">\n\t\t\t\t\t<p class=\"elementor-heading-title elementor-size-default\">Ne besojm\u00eb se kujdesi p\u00ebr mjedisin \u00ebsht\u00eb p\u00ebrgjegj\u00ebsi e t\u00eb gjith\u00ebve. Alumini q\u00eb p\u00ebrdorim\n\u00ebsht\u00eb 100% i ricikluesh\u00ebm, dhe \u00e7do vasket\u00eb q\u00eb del nga prodhimi yn\u00eb mund t\u00eb rikthehet n\u00eb\np\u00ebrdorim pa humbur cil\u00ebsin\u00eb. Duke zgjedhur produktet tona, ju kontribuoni n\u00eb uljen e\nmbetjeve dhe ruajtjen e burimeve natyrore, duke mb\u00ebshtetur nj\u00eb t\u00eb ardhme m\u00eb t\u00eb\nq\u00ebndrueshme p\u00ebr t\u00eb gjith\u00eb.<\/p>\t\t\t\t<\/div>\n\t\t\t\t<\/div>\n\t\t\t\t<div class=\"elementor-element elementor-element-da11f7c elementor-icon-list--layout-traditional elementor-list-item-link-full_width elementor-widget elementor-widget-icon-list\" data-id=\"da11f7c\" data-element_type=\"widget\" data-e-type=\"widget\" data-widget_type=\"icon-list.default\">\n\t\t\t\t<div class=\"elementor-widget-container\">\n\t\t\t\t\t\t\t<ul class=\"elementor-icon-list-items\">\n\t\t\t\t\t\t\t<li class=\"elementor-icon-list-item\">\n\t\t\t\t\t\t\t\t\t\t\t<span class=\"elementor-icon-list-icon\">\n\t\t\t\t\t\t\t<svg aria-hidden=\"true\" class=\"e-font-icon-svg e-fas-arrow-circle-right\" viewbox=\"0 0 512 512\" xmlns=\"http:\/\/www.w3.org\/2000\/svg\"><path d=\"M256 8c137 0 248 111 248 248S393 504 256 504 8 393 8 256 119 8 256 8zm-28.9 143.6l75.5 72.4H120c-13.3 0-24 10.7-24 24v16c0 13.3 10.7 24 24 24h182.6l-75.5 72.4c-9.7 9.3-9.9 24.8-.4 34.3l11 10.9c9.4 9.4 24.6 9.4 33.9 0L404.3 273c9.4-9.4 9.4-24.6 0-33.9L271.6 106.3c-9.4-9.4-24.6-9.4-33.9 0l-11 10.9c-9.5 9.6-9.3 25.1.4 34.4z\"><\/path><\/svg>\t\t\t\t\t\t<\/span>\n\t\t\t\t\t\t\t\t\t\t<span class=\"elementor-icon-list-text\">100% i ricikluesh\u00ebm<\/span>\n\t\t\t\t\t\t\t\t\t<\/li>\n\t\t\t\t\t\t\t\t<li class=\"elementor-icon-list-item\">\n\t\t\t\t\t\t\t\t\t\t\t<span class=\"elementor-icon-list-icon\">\n\t\t\t\t\t\t\t<svg aria-hidden=\"true\" class=\"e-font-icon-svg e-fas-arrow-circle-right\" viewbox=\"0 0 512 512\" xmlns=\"http:\/\/www.w3.org\/2000\/svg\"><path d=\"M256 8c137 0 248 111 248 248S393 504 256 504 8 393 8 256 119 8 256 8zm-28.9 143.6l75.5 72.4H120c-13.3 0-24 10.7-24 24v16c0 13.3 10.7 24 24 24h182.6l-75.5 72.4c-9.7 9.3-9.9 24.8-.4 34.3l11 10.9c9.4 9.4 24.6 9.4 33.9 0L404.3 273c9.4-9.4 9.4-24.6 0-33.9L271.6 106.3c-9.4-9.4-24.6-9.4-33.9 0l-11 10.9c-9.5 9.6-9.3 25.1.4 34.4z\"><\/path><\/svg>\t\t\t\t\t\t<\/span>\n\t\t\t\t\t\t\t\t\t\t<span class=\"elementor-icon-list-text\">Ul mbetjet dhe ruan burimet natyrore<\/span>\n\t\t\t\t\t\t\t\t\t<\/li>\n\t\t\t\t\t\t\t\t<li class=\"elementor-icon-list-item\">\n\t\t\t\t\t\t\t\t\t\t\t<span class=\"elementor-icon-list-icon\">\n\t\t\t\t\t\t\t<svg aria-hidden=\"true\" class=\"e-font-icon-svg e-fas-arrow-circle-right\" viewbox=\"0 0 512 512\" xmlns=\"http:\/\/www.w3.org\/2000\/svg\"><path d=\"M256 8c137 0 248 111 248 248S393 504 256 504 8 393 8 256 119 8 256 8zm-28.9 143.6l75.5 72.4H120c-13.3 0-24 10.7-24 24v16c0 13.3 10.7 24 24 24h182.6l-75.5 72.4c-9.7 9.3-9.9 24.8-.4 34.3l11 10.9c9.4 9.4 24.6 9.4 33.9 0L404.3 273c9.4-9.4 9.4-24.6 0-33.9L271.6 106.3c-9.4-9.4-24.6-9.4-33.9 0l-11 10.9c-9.5 9.6-9.3 25.1.4 34.4z\"><\/path><\/svg>\t\t\t\t\t\t<\/span>\n\t\t\t\t\t\t\t\t\t\t<span class=\"elementor-icon-list-text\">Zgjidhje ekologjike dhe praktike p\u00ebr p\u00ebrdorim t\u00eb p\u00ebrditsh\u00ebm<\/span>\n\t\t\t\t\t\t\t\t\t<\/li>\n\t\t\t\t\t\t<\/ul>\n\t\t\t\t\t\t<\/div>\n\t\t\t\t<\/div>\n\t\t\t\t\t<\/div>\n\t\t<\/div>\n\t\t\t\t\t<\/div>\n\t\t<\/section>\n\t\t\t\t<\/div>","protected":false},"excerpt":{"rendered":"<p>REDUCE REUSE RECYCLE Recycling We believe caring for the environment is a responsibility we all share. The aluminum we use is 100% recyclable, and every tray produced can be reused without losing quality. By choosing our products, you help reduce waste and preserve natural resources, supporting a more sustainable future for everyone. 100% recyclable Reduces [&hellip;]<\/p>\n","protected":false},"author":1,"featured_media":0,"parent":0,"menu_order":0,"comment_status":"closed","ping_status":"closed","template":"elementor_header_footer","meta":{"_acf_changed":false,"footnotes":""},"class_list":["post-2363","page","type-page","status-publish","hentry"],"acf":[],"_links":{"self":[{"href":"https:\/\/aaf-al.com\/sq\/wp-json\/wp\/v2\/pages\/2363","targetHints":{"allow":["GET"]}}],"collection":[{"href":"https:\/\/aaf-al.com\/sq\/wp-json\/wp\/v2\/pages"}],"about":[{"href":"https:\/\/aaf-al.com\/sq\/wp-json\/wp\/v2\/types\/page"}],"author":[{"embeddable":true,"href":"https:\/\/aaf-al.com\/sq\/wp-json\/wp\/v2\/users\/1"}],"replies":[{"embeddable":true,"href":"https:\/\/aaf-al.com\/sq\/wp-json\/wp\/v2\/comments?post=2363"}],"version-history":[{"count":14,"href":"https:\/\/aaf-al.com\/sq\/wp-json\/wp\/v2\/pages\/2363\/revisions"}],"predecessor-version":[{"id":9813,"href":"https:\/\/aaf-al.com\/sq\/wp-json\/wp\/v2\/pages\/2363\/revisions\/9813"}],"wp:attachment":[{"href":"https:\/\/aaf-al.com\/sq\/wp-json\/wp\/v2\/media?parent=2363"}],"curies":[{"name":"wp","href":"https:\/\/api.w.org\/{rel}","templated":true}]}}