{"id":2080,"date":"2025-01-20T13:33:39","date_gmt":"2025-01-20T13:33:39","guid":{"rendered":"https:\/\/gerow-wp.themedox.com\/?page_id=2080"},"modified":"2025-08-26T13:52:08","modified_gmt":"2025-08-26T13:52:08","slug":"historiku","status":"publish","type":"page","link":"https:\/\/aaf-al.com\/sq\/historiku\/","title":{"rendered":"Historiku"},"content":{"rendered":"<div data-elementor-type=\"wp-page\" data-elementor-id=\"2080\" class=\"elementor elementor-2080\">\n\t\t\t\t\t\t<section class=\"elementor-section elementor-top-section elementor-element elementor-element-b6a4fe7 elementor-section-content-middle about-area-six elementor-section-boxed elementor-section-height-default elementor-section-height-default\" data-id=\"b6a4fe7\" data-element_type=\"section\" data-e-type=\"section\">\n\t\t\t\t\t\t<div class=\"elementor-container elementor-column-gap-no\">\n\t\t\t\t\t<div class=\"elementor-column elementor-col-50 elementor-top-column elementor-element elementor-element-0b8136d mx-auto mx-lg-0\" data-id=\"0b8136d\" data-element_type=\"column\" data-e-type=\"column\">\n\t\t\t<div class=\"elementor-widget-wrap elementor-element-populated\">\n\t\t\t\t\t\t<div class=\"elementor-element elementor-element-7de5e98 elementor-widget elementor-widget-genix-image\" data-id=\"7de5e98\" data-element_type=\"widget\" data-e-type=\"widget\" data-widget_type=\"genix-image.default\">\n\t\t\t\t<div class=\"elementor-widget-container\">\n\t\t\t\t\t\r\n        \r\n            <div class=\"about-img-wrap-eleven\">\r\n\r\n                                    <img decoding=\"async\" src=\"https:\/\/aaf-al.com\/wp-content\/uploads\/2025\/08\/WhatsApp-Image-2025-08-22-at-14.43.58.jpeg\" alt=\"\">\r\n                \r\n                                        <img decoding=\"async\" src=\"https:\/\/aaf-al.com\/wp-content\/uploads\/2025\/01\/inner_about_shape03.png\" alt=\"\" class=\"shape-one\">\r\n                \r\n                                    <img decoding=\"async\" src=\"https:\/\/aaf-al.com\/wp-content\/uploads\/2023\/08\/h5_about_shape02.png\" alt=\"\" class=\"shape-two\">\r\n                \r\n            <\/div>\r\n\r\n        \r\n\t\t\t\t<\/div>\n\t\t\t\t<\/div>\n\t\t\t\t\t<\/div>\n\t\t<\/div>\n\t\t\t\t<div class=\"elementor-column elementor-col-50 elementor-top-column elementor-element elementor-element-dd5f555\" data-id=\"dd5f555\" data-element_type=\"column\" data-e-type=\"column\">\n\t\t\t<div class=\"elementor-widget-wrap elementor-element-populated\">\n\t\t\t\t\t\t<div class=\"elementor-element elementor-element-5d98a7f elementor-widget elementor-widget-tg-heading\" data-id=\"5d98a7f\" data-element_type=\"widget\" data-e-type=\"widget\" data-widget_type=\"tg-heading.default\">\n\t\t\t\t<div class=\"elementor-widget-container\">\n\t\t\t\t\t\r\n        \r\n            <div class=\"section-title section-title-three tg-heading-subheading animation-style2\">\r\n                \r\n                <h2 class=\"title tg-element-title\">Historiku Yn\u00eb<\/h2>\r\n            <\/div>\r\n\r\n\r\n        \r\n\t\t\t\t<\/div>\n\t\t\t\t<\/div>\n\t\t\t\t<div class=\"elementor-element elementor-element-b7cf2a6 elementor-widget elementor-widget-heading\" data-id=\"b7cf2a6\" data-element_type=\"widget\" data-e-type=\"widget\" data-widget_type=\"heading.default\">\n\t\t\t\t<div class=\"elementor-widget-container\">\n\t\t\t\t\t<p class=\"elementor-heading-title elementor-size-default\"><p class=\"MsoNormal\"><span lang=\"EN-GB\">Albanian Aluminium Foil u krijua si pasoj\u00eb e munges\u00ebs s\u00eb prodhimit vendas t\u00eb vasketave t\u00eb\naluminit n\u00eb Shqip\u00ebri \u2013 t\u00eb gjitha importoheshin nga jasht\u00eb vendit. Kjo krijonte kosto t\u00eb larta\ndhe pak alternativa p\u00ebr bizneset dhe familjet shqiptare.<\/span><\/p>\n\n<p class=\"MsoNormal\"><span lang=\"EN-GB\">Ne mor\u00ebm iniciativ\u00ebn p\u00ebr t\u00eb sjell\u00eb prodhimin e par\u00eb vendas t\u00eb vasketave t\u00eb aluminit. Me\nteknologji moderne dhe alumin t\u00eb certifikuar p\u00ebr kontakt me ushqimin, sot ofrojm\u00eb nj\u00eb\ngam\u00eb t\u00eb gjer\u00eb produktesh q\u00eb garantojn\u00eb cil\u00ebsi, siguri dhe \u00e7mime konkurruese.<\/span><\/p>\n\n\n<p class=\"MsoNormal\"><span lang=\"EN-GB\">Ky zhvillim ka mund\u00ebsuar q\u00eb bizneset dhe konsumator\u00ebt shqiptar\u00eb t\u00eb ken\u00eb akses n\u00eb\nprodukte t\u00eb prodhuara brenda vendit, duke p\u00ebrfituar nga prakticiteti dhe q\u00ebndrueshm\u00ebria\nq\u00eb ofrojm\u00eb.<\/span><\/p><\/p>\t\t\t\t<\/div>\n\t\t\t\t<\/div>\n\t\t\t\t\t<\/div>\n\t\t<\/div>\n\t\t\t\t\t<\/div>\n\t\t<\/section>\n\t\t\t\t<section class=\"elementor-section elementor-top-section elementor-element elementor-element-e3e4271 elementor-section-boxed elementor-section-height-default elementor-section-height-default\" data-id=\"e3e4271\" data-element_type=\"section\" data-e-type=\"section\">\n\t\t\t\t\t\t<div class=\"elementor-container elementor-column-gap-no\">\n\t\t\t\t\t<div class=\"elementor-column elementor-col-100 elementor-top-column elementor-element elementor-element-71fafac\" data-id=\"71fafac\" data-element_type=\"column\" data-e-type=\"column\" data-settings=\"{&quot;background_background&quot;:&quot;classic&quot;}\">\n\t\t\t<div class=\"elementor-widget-wrap elementor-element-populated\">\n\t\t\t\t\t\t<div class=\"elementor-element elementor-element-b6e3ea4 elementor-widget elementor-widget-tg-cta\" data-id=\"b6e3ea4\" data-element_type=\"widget\" data-e-type=\"widget\" data-widget_type=\"tg-cta.default\">\n\t\t\t\t<div class=\"elementor-widget-container\">\n\t\t\t\t\t\r\n        \r\n            <div class=\"cta-inner-wrap-three\">\r\n                <div class=\"row align-items-center\">\r\n                    <div class=\"col-lg-9\">\r\n                        <div class=\"cta-content\">\r\n                            <div class=\"cta-info-wrap cta-info-wrap-two\">\r\n                                <div class=\"icon\">\r\n                                    <i class=\"flaticon-phone-call\"><\/i>\r\n                                <\/div>\r\n                                <div class=\"content\">\r\n                                                                            <span>Telefono p\u00ebr m\u00eb shum\u00eb info<\/span>\r\n                                    \r\n                                                                            <a href=\"tel:+355 69 701 5599\">+355 69 701 5599<\/a>\r\n                                                                    <\/div>\r\n                            <\/div>\r\n\r\n                            \r\n                        <\/div>\r\n                    <\/div>\r\n\r\n                                            <div class=\"col-lg-3\">\r\n                            <div class=\"cta-btn text-end\">\r\n                                <a href=\"https:\/\/aaf-al.com\/sq\/contact-us\/\" target=\"_blank\" rel=\"nofollow\" class=\"btn btn-three\">\r\n                                    Contact Us                                <\/a>\r\n                            <\/div>\r\n                        <\/div>\r\n                    \r\n                <\/div>\r\n            <\/div>\r\n\r\n        \r\n\t\t\t\t<\/div>\n\t\t\t\t<\/div>\n\t\t\t\t\t<\/div>\n\t\t<\/div>\n\t\t\t\t\t<\/div>\n\t\t<\/section>\n\t\t<div class=\"elementor-element elementor-element-844f011 e-flex e-con-boxed e-con e-parent\" data-id=\"844f011\" data-element_type=\"container\" data-e-type=\"container\">\n\t\t\t\t\t<div class=\"e-con-inner\">\n\t\t\t\t<div class=\"elementor-element elementor-element-4ab5006 elementor-widget elementor-widget-spacer\" data-id=\"4ab5006\" data-element_type=\"widget\" data-e-type=\"widget\" data-widget_type=\"spacer.default\">\n\t\t\t\t<div class=\"elementor-widget-container\">\n\t\t\t\t\t\t\t<div class=\"elementor-spacer\">\n\t\t\t<div class=\"elementor-spacer-inner\"><\/div>\n\t\t<\/div>\n\t\t\t\t\t\t<\/div>\n\t\t\t\t<\/div>\n\t\t\t\t\t<\/div>\n\t\t\t\t<\/div>\n\t\t\t\t<\/div>","protected":false},"excerpt":{"rendered":"<p>Our History Albanian Aluminium Foil was established as a response to the lack of domestic production of aluminum trays in Albania \u2013 all trays were previously imported. This created high costs and limited alternatives for businesses and families. We took the initiative to introduce the first locally produced aluminum trays. Using modern technology and food-grade [&hellip;]<\/p>\n","protected":false},"author":1,"featured_media":0,"parent":0,"menu_order":0,"comment_status":"closed","ping_status":"closed","template":"elementor_header_footer","meta":{"_acf_changed":false,"footnotes":""},"class_list":["post-2080","page","type-page","status-publish","hentry"],"acf":[],"_links":{"self":[{"href":"https:\/\/aaf-al.com\/sq\/wp-json\/wp\/v2\/pages\/2080","targetHints":{"allow":["GET"]}}],"collection":[{"href":"https:\/\/aaf-al.com\/sq\/wp-json\/wp\/v2\/pages"}],"about":[{"href":"https:\/\/aaf-al.com\/sq\/wp-json\/wp\/v2\/types\/page"}],"author":[{"embeddable":true,"href":"https:\/\/aaf-al.com\/sq\/wp-json\/wp\/v2\/users\/1"}],"replies":[{"embeddable":true,"href":"https:\/\/aaf-al.com\/sq\/wp-json\/wp\/v2\/comments?post=2080"}],"version-history":[{"count":49,"href":"https:\/\/aaf-al.com\/sq\/wp-json\/wp\/v2\/pages\/2080\/revisions"}],"predecessor-version":[{"id":9403,"href":"https:\/\/aaf-al.com\/sq\/wp-json\/wp\/v2\/pages\/2080\/revisions\/9403"}],"wp:attachment":[{"href":"https:\/\/aaf-al.com\/sq\/wp-json\/wp\/v2\/media?parent=2080"}],"curies":[{"name":"wp","href":"https:\/\/api.w.org\/{rel}","templated":true}]}}