{"id":1889,"date":"2025-01-20T08:15:27","date_gmt":"2025-01-20T08:15:27","guid":{"rendered":"https:\/\/gerow-wp.themedox.com\/?page_id=1889"},"modified":"2025-09-24T07:38:55","modified_gmt":"2025-09-24T07:38:55","slug":"vizioni","status":"publish","type":"page","link":"https:\/\/aaf-al.com\/sq\/vizioni\/","title":{"rendered":"Vizioni"},"content":{"rendered":"<div data-elementor-type=\"wp-page\" data-elementor-id=\"1889\" class=\"elementor elementor-1889\">\n\t\t\t\t<div class=\"elementor-element elementor-element-96656be e-flex e-con-boxed e-con e-parent\" data-id=\"96656be\" data-element_type=\"container\" data-e-type=\"container\">\n\t\t\t\t\t<div class=\"e-con-inner\">\n\t\t\t\t<div class=\"elementor-element elementor-element-018cad6 elementor-widget__width-auto elementor-absolute elementor-hidden-mobile elementor-widget elementor-widget-image\" data-id=\"018cad6\" data-element_type=\"widget\" data-e-type=\"widget\" data-settings=\"{&quot;_position&quot;:&quot;absolute&quot;}\" data-widget_type=\"image.default\">\n\t\t\t\t<div class=\"elementor-widget-container\">\n\t\t\t\t\t\t\t\t\t\t\t\t\t\t\t<img decoding=\"async\" width=\"98\" height=\"97\" src=\"https:\/\/aaf-al.com\/wp-content\/uploads\/2023\/08\/h4_about_shape.png\" class=\"attachment-full size-full wp-image-530\" alt=\"\" \/>\t\t\t\t\t\t\t\t\t\t\t\t\t\t\t<\/div>\n\t\t\t\t<\/div>\n\t\t<div class=\"elementor-element elementor-element-303e3c5 e-con-full e-flex e-con e-child\" data-id=\"303e3c5\" data-element_type=\"container\" data-e-type=\"container\">\n\t\t\t\t<div class=\"elementor-element elementor-element-63350c3 elementor-widget-mobile__width-inherit elementor-widget elementor-widget-genix-image\" data-id=\"63350c3\" data-element_type=\"widget\" data-e-type=\"widget\" data-widget_type=\"genix-image.default\">\n\t\t\t\t<div class=\"elementor-widget-container\">\n\t\t\t\t\t\r\n        \r\n            <div class=\"about-img-fifteen\">\r\n                                    <img decoding=\"async\" src=\"https:\/\/aaf-al.com\/wp-content\/uploads\/2025\/08\/WhatsApp-Image-2025-08-22-at-14.43.58-3.jpeg\" alt=\"\" data-aos=\"fade-right\" data-aos-delay=\"200\">\r\n                                                    <a href=\"https:\/\/www.youtube.com\/watch?v=6mkoGSqTqFI\" class=\"play-btn popup-video\" data-aos=\"fade-up\" data-aos-delay=\"400\">\r\n                        <i class=\"fas fa-play\"><\/i>\r\n                        <span>Shiko <br> Videon<\/span>\r\n                    <\/a>\r\n                            <\/div>\r\n        \r\n         \r\n\t\t\t\t<\/div>\n\t\t\t\t<\/div>\n\t\t\t\t<\/div>\n\t\t<div class=\"elementor-element elementor-element-b6c67fd e-con-full e-flex e-con e-child\" data-id=\"b6c67fd\" data-element_type=\"container\" data-e-type=\"container\">\n\t\t\t\t<div class=\"elementor-element elementor-element-4eb2f72 elementor-widget elementor-widget-tg-heading\" data-id=\"4eb2f72\" data-element_type=\"widget\" data-e-type=\"widget\" data-widget_type=\"tg-heading.default\">\n\t\t\t\t<div class=\"elementor-widget-container\">\n\t\t\t\t\t\r\n        \r\n            <div class=\"section-title-two tg-heading-subheading animation-style3\">\r\n                                <h2 class=\"title tg-element-title\">Vizioni Yn\u00eb<\/h2>            <\/div>\r\n\r\n        \r\n\t\t\t\t<\/div>\n\t\t\t\t<\/div>\n\t\t\t\t<div class=\"elementor-element elementor-element-8173470 elementor-widget elementor-widget-heading\" data-id=\"8173470\" data-element_type=\"widget\" data-e-type=\"widget\" data-widget_type=\"heading.default\">\n\t\t\t\t<div class=\"elementor-widget-container\">\n\t\t\t\t\t<p class=\"elementor-heading-title elementor-size-default\">Ne kemi si vizion t\u00eb jemi ofruesi kryesor i vasketave t\u00eb aluminit me cil\u00ebsi t\u00eb lart\u00eb, t\u00eb sigurta\ndhe miq\u00ebsore me mjedisin n\u00eb Shqip\u00ebri, duke vendosur standardet p\u00ebr prodhim vendas,\ninovacion dhe q\u00ebndrueshm\u00ebri n\u00eb industrin\u00eb e paketimit t\u00eb ushqimit.  <p>Gjithashtu, synojm\u00eb t\u00eb\nzgjerojm\u00eb pranin\u00eb ton\u00eb n\u00eb tregjet nd\u00ebrkomb\u00ebtare, duke eksportuar produktet tona cil\u00ebsore\njasht\u00eb vendit dhe duke promovuar industrin\u00eb shqiptare n\u00eb bot\u00eb.<\/p>\t\t\t\t<\/div>\n\t\t\t\t<\/div>\n\t\t<div class=\"elementor-element elementor-element-b7ab593 e-con-full e-flex e-con e-child\" data-id=\"b7ab593\" data-element_type=\"container\" data-e-type=\"container\">\n\t\t\t\t<\/div>\n\t\t\t\t<\/div>\n\t\t\t\t\t<\/div>\n\t\t\t\t<\/div>\n\t\t\t\t<section class=\"elementor-section elementor-top-section elementor-element elementor-element-4bd7c3c elementor-section-content-middle elementor-section-boxed elementor-section-height-default elementor-section-height-default\" data-id=\"4bd7c3c\" data-element_type=\"section\" data-e-type=\"section\" data-settings=\"{&quot;background_background&quot;:&quot;classic&quot;}\">\n\t\t\t\t\t\t<div class=\"elementor-container elementor-column-gap-no\">\n\t\t\t\t\t<div class=\"elementor-column elementor-col-50 elementor-top-column elementor-element elementor-element-acdd2bb\" data-id=\"acdd2bb\" data-element_type=\"column\" data-e-type=\"column\">\n\t\t\t<div class=\"elementor-widget-wrap elementor-element-populated\">\n\t\t\t\t\t\t<div class=\"elementor-element elementor-element-d525ec6 elementor-widget elementor-widget-tg-heading\" data-id=\"d525ec6\" data-element_type=\"widget\" data-e-type=\"widget\" data-widget_type=\"tg-heading.default\">\n\t\t\t\t<div class=\"elementor-widget-container\">\n\t\t\t\t\t\r\n        \r\n            <div class=\"section-title-two tg-heading-subheading animation-style3\">\r\n                                <h2 class=\"title tg-element-title\">K\u00ebrko nj\u00eb ofert\u00eb<\/h2>            <\/div>\r\n\r\n        \r\n\t\t\t\t<\/div>\n\t\t\t\t<\/div>\n\t\t\t\t<div class=\"elementor-element elementor-element-89da4be elementor-widget__width-initial elementor-widget elementor-widget-heading\" data-id=\"89da4be\" data-element_type=\"widget\" data-e-type=\"widget\" data-widget_type=\"heading.default\">\n\t\t\t\t<div class=\"elementor-widget-container\">\n\t\t\t\t\t<p class=\"elementor-heading-title elementor-size-default\">Ever find yourself staring at your computer screen a good consulting slogan to come to mind? Oftentimes.<\/p>\t\t\t\t<\/div>\n\t\t\t\t<\/div>\n\t\t\t\t<div class=\"elementor-element elementor-element-9d77718 elementor-widget__width-auto elementor-absolute elementor-widget elementor-widget-image\" data-id=\"9d77718\" data-element_type=\"widget\" data-e-type=\"widget\" data-settings=\"{&quot;_position&quot;:&quot;absolute&quot;}\" data-widget_type=\"image.default\">\n\t\t\t\t<div class=\"elementor-widget-container\">\n\t\t\t\t\t\t\t\t\t\t\t\t\t\t\t<img decoding=\"async\" width=\"128\" height=\"86\" src=\"https:\/\/aaf-al.com\/wp-content\/uploads\/2023\/08\/h2_request_shape01.png\" class=\"attachment-full size-full wp-image-286\" alt=\"\" \/>\t\t\t\t\t\t\t\t\t\t\t\t\t\t\t<\/div>\n\t\t\t\t<\/div>\n\t\t\t\t\t<\/div>\n\t\t<\/div>\n\t\t\t\t<div class=\"elementor-column elementor-col-50 elementor-top-column elementor-element elementor-element-0228d22\" data-id=\"0228d22\" data-element_type=\"column\" data-e-type=\"column\">\n\t\t\t<div class=\"elementor-widget-wrap elementor-element-populated\">\n\t\t\t\t\t\t<div class=\"elementor-element elementor-element-a36d2c7 elementor-widget elementor-widget-shortcode\" data-id=\"a36d2c7\" data-element_type=\"widget\" data-e-type=\"widget\" data-widget_type=\"shortcode.default\">\n\t\t\t\t<div class=\"elementor-widget-container\">\n\t\t\t\t\t\t\t<div class=\"elementor-shortcode\">\n<div class=\"wpcf7 no-js\" id=\"wpcf7-f294-o1\" lang=\"en-US\" dir=\"ltr\" data-wpcf7-id=\"294\">\n<div class=\"screen-reader-response\"><p role=\"status\" aria-live=\"polite\" aria-atomic=\"true\"><\/p> <ul><\/ul><\/div>\n<form action=\"\/sq\/wp-json\/wp\/v2\/pages\/1889#wpcf7-f294-o1\" method=\"post\" class=\"wpcf7-form init\" aria-label=\"Contact form\" novalidate=\"novalidate\" data-status=\"init\" data-trp-original-action=\"\/sq\/wp-json\/wp\/v2\/pages\/1889#wpcf7-f294-o1\">\n<fieldset class=\"hidden-fields-container\"><input type=\"hidden\" name=\"_wpcf7\" value=\"294\" \/><input type=\"hidden\" name=\"_wpcf7_version\" value=\"6.1.5\" \/><input type=\"hidden\" name=\"_wpcf7_locale\" value=\"en_US\" \/><input type=\"hidden\" name=\"_wpcf7_unit_tag\" value=\"wpcf7-f294-o1\" \/><input type=\"hidden\" name=\"_wpcf7_container_post\" value=\"0\" \/><input type=\"hidden\" name=\"_wpcf7_posted_data_hash\" value=\"\" \/>\n<\/fieldset>\n<div class=\"services-widget-form\">\n\n    <div class=\"form-grp\">\n        <span class=\"wpcf7-form-control-wrap\" data-name=\"your-name\"><input size=\"40\" maxlength=\"400\" class=\"wpcf7-form-control wpcf7-text wpcf7-validates-as-required\" aria-required=\"true\" aria-invalid=\"false\" placeholder=\"Emri juaj:\" value=\"\" type=\"text\" name=\"your-name\" \/><\/span>\n    <\/div>\n    <div class=\"form-grp\">\n        <span class=\"wpcf7-form-control-wrap\" data-name=\"your-email\"><input size=\"40\" maxlength=\"400\" class=\"wpcf7-form-control wpcf7-email wpcf7-validates-as-required wpcf7-text wpcf7-validates-as-email\" aria-required=\"true\" aria-invalid=\"false\" placeholder=\"E-mail\" value=\"\" type=\"email\" name=\"your-email\" \/><\/span>\n    <\/div>\n    <div class=\"form-grp\">\n        <span class=\"wpcf7-form-control-wrap\" data-name=\"your-message\"><textarea cols=\"40\" rows=\"10\" maxlength=\"2000\" class=\"wpcf7-form-control wpcf7-textarea\" aria-invalid=\"false\" placeholder=\"Mesazhi juaj\" name=\"your-message\"><\/textarea><\/span>\n    <\/div>\n  <div class=\"form-grp\"><div class=\"gglcptch gglcptch_v2\"><div id=\"gglcptch_recaptcha_1773820439\" class=\"gglcptch_recaptcha\"><\/div>\n\t\t\t\t<noscript>\n\t\t\t\t\t<div style=\"width: 302px;\">\n\t\t\t\t\t\t<div style=\"width: 302px; height: 422px; position: relative;\">\n\t\t\t\t\t\t\t<div style=\"width: 302px; height: 422px; position: absolute;\">\n\t\t\t\t\t\t\t\t<iframe src=\"https:\/\/www.google.com\/recaptcha\/api\/fallback?k=6LckXIsrAAAAABS1B890nikdcpdH9l4qsTCuh3RL\" frameborder=\"0\" scrolling=\"no\" style=\"width: 302px; height:422px; border-style: none;\"><\/iframe>\n\t\t\t\t\t\t\t<\/div>\n\t\t\t\t\t\t<\/div>\n\t\t\t\t\t\t<div style=\"border-style: none; bottom: 12px; left: 25px; margin: 0px; padding: 0px; right: 25px; background: #f9f9f9; border: 1px solid #c1c1c1; border-radius: 3px; height: 60px; width: 300px;\">\n\t\t\t\t\t\t\t<input type=\"hidden\" id=\"g-recaptcha-response\" name=\"g-recaptcha-response\" class=\"g-recaptcha-response\" style=\"width: 250px !important; height: 40px !important; border: 1px solid #c1c1c1 !important; margin: 10px 25px !important; padding: 0px !important; resize: none !important;\">\n\t\t\t\t\t\t<\/div>\n\t\t\t\t\t<\/div>\n\t\t\t\t<\/noscript><\/div> <\/div>\n    <button type=\"submit\" class=\"submit-btn\">D\u00ebrgo mesazhin<\/button>\n<\/div><div class=\"wpcf7-response-output\" aria-hidden=\"true\"><\/div>\n<input type=\"hidden\" name=\"trp-form-language\" value=\"sq\"\/><\/form>\n<\/div>\n<\/div>\n\t\t\t\t\t\t<\/div>\n\t\t\t\t<\/div>\n\t\t\t\t\t<\/div>\n\t\t<\/div>\n\t\t\t\t\t<\/div>\n\t\t<\/section>\n\t\t\t\t<\/div>","protected":false},"excerpt":{"rendered":"<p>Watch The Video Our Vision Our vision is to be the leading provider of high-quality, safe, and environmentally friendly aluminum trays in Albania, setting the standards for local production, innovation, and sustainability in the food packaging industry. Additionally, we aim to expand our presence in international markets, exporting our high-quality products abroad and promoting the [&hellip;]<\/p>\n","protected":false},"author":1,"featured_media":0,"parent":0,"menu_order":0,"comment_status":"closed","ping_status":"closed","template":"elementor_header_footer","meta":{"_acf_changed":false,"footnotes":""},"class_list":["post-1889","page","type-page","status-publish","hentry"],"acf":[],"_links":{"self":[{"href":"https:\/\/aaf-al.com\/sq\/wp-json\/wp\/v2\/pages\/1889","targetHints":{"allow":["GET"]}}],"collection":[{"href":"https:\/\/aaf-al.com\/sq\/wp-json\/wp\/v2\/pages"}],"about":[{"href":"https:\/\/aaf-al.com\/sq\/wp-json\/wp\/v2\/types\/page"}],"author":[{"embeddable":true,"href":"https:\/\/aaf-al.com\/sq\/wp-json\/wp\/v2\/users\/1"}],"replies":[{"embeddable":true,"href":"https:\/\/aaf-al.com\/sq\/wp-json\/wp\/v2\/comments?post=1889"}],"version-history":[{"count":25,"href":"https:\/\/aaf-al.com\/sq\/wp-json\/wp\/v2\/pages\/1889\/revisions"}],"predecessor-version":[{"id":9806,"href":"https:\/\/aaf-al.com\/sq\/wp-json\/wp\/v2\/pages\/1889\/revisions\/9806"}],"wp:attachment":[{"href":"https:\/\/aaf-al.com\/sq\/wp-json\/wp\/v2\/media?parent=1889"}],"curies":[{"name":"wp","href":"https:\/\/api.w.org\/{rel}","templated":true}]}}