{"id":1693,"date":"2025-01-20T04:21:24","date_gmt":"2025-01-20T04:21:24","guid":{"rendered":"https:\/\/gerow-wp.themedox.com\/?page_id=1693"},"modified":"2025-08-26T13:54:28","modified_gmt":"2025-08-26T13:54:28","slug":"mission","status":"publish","type":"page","link":"https:\/\/aaf-al.com\/sq\/mission\/","title":{"rendered":"Misioni"},"content":{"rendered":"<div data-elementor-type=\"wp-page\" data-elementor-id=\"1693\" class=\"elementor elementor-1693\">\n\t\t\t\t<div class=\"elementor-element elementor-element-76c0792 e-flex e-con-boxed e-con e-parent\" data-id=\"76c0792\" data-element_type=\"container\" data-e-type=\"container\">\n\t\t\t\t\t<div class=\"e-con-inner\">\n\t\t<div class=\"elementor-element elementor-element-87c6c7c e-con-full e-flex e-con e-child\" data-id=\"87c6c7c\" data-element_type=\"container\" data-e-type=\"container\">\n\t\t<div class=\"elementor-element elementor-element-d38bb1f e-con-full e-flex e-con e-child\" data-id=\"d38bb1f\" data-element_type=\"container\" data-e-type=\"container\">\n\t\t\t\t<div class=\"elementor-element elementor-element-1922910 elementor-widget elementor-widget-tg-heading\" data-id=\"1922910\" data-element_type=\"widget\" data-e-type=\"widget\" data-widget_type=\"tg-heading.default\">\n\t\t\t\t<div class=\"elementor-widget-container\">\n\t\t\t\t\t\r\n        \r\n            <div class=\"section-title section-title-three tg-heading-subheading animation-none2\">\r\n                \r\n                <h2 class=\"title tg-element-title\">Misioni Yn\u00eb<\/h2>\r\n            <\/div>\r\n\r\n\r\n        \r\n\t\t\t\t<\/div>\n\t\t\t\t<\/div>\n\t\t\t\t<div class=\"elementor-element elementor-element-f8178a2 elementor-widget elementor-widget-heading\" data-id=\"f8178a2\" data-element_type=\"widget\" data-e-type=\"widget\" data-widget_type=\"heading.default\">\n\t\t\t\t<div class=\"elementor-widget-container\">\n\t\t\t\t\t<p class=\"elementor-heading-title elementor-size-default\">Misioni yn\u00eb \u00ebsht\u00eb t\u00eb prodhojm\u00eb dhe shp\u00ebrndajm\u00eb vasketa alumini q\u00eb plot\u00ebsojn\u00eb standardet\nm\u00eb t\u00eb larta t\u00eb cil\u00ebsis\u00eb, higjien\u00ebs dhe siguris\u00eb. Synojm\u00eb t\u00eb mb\u00ebshtesim bizneset dhe familjet\nduke ofruar zgjidhje praktike, t\u00eb besueshme dhe ekologjike p\u00ebr ruajtjen, p\u00ebrgatitjen dhe\nshp\u00ebrndarjen e ushqimit.\n<\/p>\t\t\t\t<\/div>\n\t\t\t\t<\/div>\n\t\t\t\t<div class=\"elementor-element elementor-element-1e19dab elementor-widget elementor-widget-heading\" data-id=\"1e19dab\" data-element_type=\"widget\" data-e-type=\"widget\" data-widget_type=\"heading.default\">\n\t\t\t\t<div class=\"elementor-widget-container\">\n\t\t\t\t\t<p class=\"elementor-heading-title elementor-size-default\">P\u00ebrmes prodhimit vendas dhe angazhimit p\u00ebr eksport, ne duam t\u00eb\nkrijojm\u00eb vler\u00eb p\u00ebr klient\u00ebt tan\u00eb dhe t\u00eb kontribuojm\u00eb n\u00eb rritjen dhe zhvillimin e q\u00ebndruesh\u00ebm\nt\u00eb industris\u00eb shqiptare.<\/p>\t\t\t\t<\/div>\n\t\t\t\t<\/div>\n\t\t\t\t<div class=\"elementor-element elementor-element-b068c25 elementor-widget elementor-widget-tg-btn\" data-id=\"b068c25\" data-element_type=\"widget\" data-e-type=\"widget\" data-widget_type=\"tg-btn.default\">\n\t\t\t\t<div class=\"elementor-widget-container\">\n\t\t\t\t\t\r\n        \r\n                            <a href=\"https:\/\/aaf-al.com\/sq\/contact-us\/\" target=\"_blank\" rel=\"nofollow\" class=\"btn btn-three\">\r\n                    Kontakto                <\/a>\r\n            \r\n\r\n        \r\n  \t\t\t\t<\/div>\n\t\t\t\t<\/div>\n\t\t\t\t<\/div>\n\t\t\t\t<\/div>\n\t\t<div class=\"elementor-element elementor-element-4413347 e-con-full e-flex e-con e-child\" data-id=\"4413347\" data-element_type=\"container\" data-e-type=\"container\">\n\t\t\t\t<div class=\"elementor-element elementor-element-ff588c3 elementor-widget elementor-widget-genix-image\" data-id=\"ff588c3\" data-element_type=\"widget\" data-e-type=\"widget\" data-widget_type=\"genix-image.default\">\n\t\t\t\t<div class=\"elementor-widget-container\">\n\t\t\t\t\t\r\n        \r\n            <div class=\"about-img-wrap-three\">\r\n                                    <img decoding=\"async\" src=\"https:\/\/aaf-al.com\/wp-content\/uploads\/2025\/08\/WhatsApp-Image-2025-08-22-at-14.43.58-1.jpeg\" alt=\"\" data-aos=\"fade-down-right\" data-aos-delay=\"0\">\r\n                \r\n                                    <img decoding=\"async\" src=\"https:\/\/aaf-al.com\/wp-content\/uploads\/2025\/04\/cropped-Logo_AAF-removebg-preview-1.png\" alt=\"\" data-aos=\"fade-left\" data-aos-delay=\"400\">\r\n                \r\n                                    <div class=\"experience-wrap\" data-aos=\"fade-up\" data-aos-delay=\"300\">\r\n                                                    <h2 class=\"title\">100%<\/h2>\r\n                        \r\n                                                    <p>Alumin \ni ricikluesh\u00ebm<\/p>\r\n                                            <\/div>\r\n                \r\n            <\/div>\r\n\r\n        \r\n\t\t\t\t<\/div>\n\t\t\t\t<\/div>\n\t\t\t\t<\/div>\n\t\t\t\t\t<\/div>\n\t\t\t\t<\/div>\n\t\t\t\t<\/div>","protected":false},"excerpt":{"rendered":"<p>Our Mission Our mission is to produce and deliver aluminum trays that meet the highest standards of quality, hygiene, and safety. We strive to support businesses and families by offering practical, reliable, and eco-friendly solutions for food storage, preparation, and delivery. Through local production and our commitment to export, we aim to create value for [&hellip;]<\/p>\n","protected":false},"author":1,"featured_media":0,"parent":0,"menu_order":0,"comment_status":"closed","ping_status":"closed","template":"elementor_header_footer","meta":{"_acf_changed":false,"footnotes":""},"class_list":["post-1693","page","type-page","status-publish","hentry"],"acf":[],"_links":{"self":[{"href":"https:\/\/aaf-al.com\/sq\/wp-json\/wp\/v2\/pages\/1693","targetHints":{"allow":["GET"]}}],"collection":[{"href":"https:\/\/aaf-al.com\/sq\/wp-json\/wp\/v2\/pages"}],"about":[{"href":"https:\/\/aaf-al.com\/sq\/wp-json\/wp\/v2\/types\/page"}],"author":[{"embeddable":true,"href":"https:\/\/aaf-al.com\/sq\/wp-json\/wp\/v2\/users\/1"}],"replies":[{"embeddable":true,"href":"https:\/\/aaf-al.com\/sq\/wp-json\/wp\/v2\/comments?post=1693"}],"version-history":[{"count":38,"href":"https:\/\/aaf-al.com\/sq\/wp-json\/wp\/v2\/pages\/1693\/revisions"}],"predecessor-version":[{"id":9407,"href":"https:\/\/aaf-al.com\/sq\/wp-json\/wp\/v2\/pages\/1693\/revisions\/9407"}],"wp:attachment":[{"href":"https:\/\/aaf-al.com\/sq\/wp-json\/wp\/v2\/media?parent=1693"}],"curies":[{"name":"wp","href":"https:\/\/api.w.org\/{rel}","templated":true}]}}